{"id":367,"date":"2023-11-16T12:12:34","date_gmt":"2023-11-16T12:12:34","guid":{"rendered":"https:\/\/paladinlegal.de\/?page_id=367"},"modified":"2024-03-13T14:17:58","modified_gmt":"2024-03-13T14:17:58","slug":"impressum","status":"publish","type":"page","link":"https:\/\/paladinlegal.de\/?page_id=367","title":{"rendered":"Impressum"},"content":{"rendered":"\n<p>Sp Legal GmbH<\/p>\n\n\n\n<p>Heesenstra\u00dfe 70<br>D-40549 D\u00fcsseldorf<\/p>\n\n\n\n<p><br>Gesch\u00e4ftsf\u00fchrung: Maximilian Schulz, Martina Otto<br>T +49 (0)211 86322481<br>E-Mail: info@sp-legal.de<\/p>\n\n\n\n<p><br>Registergericht: Amtsgericht D\u00fcsseldorf<br>Registernummer: HRB 51390<br>USt.-Id.-Nr.: 147\/5815\/0956<\/p>\n\n\n\n<p><br>Hinweis gem\u00e4\u00df \u00a7 36 VSBG:<br>Die Sp Legal GmbH ist nicht bereit und nicht verpflichtet, an Streitbeilegungsverfahren vor einer Verbraucherschlichtungsstelle teilzunehmen.<\/p>\n\n\n\n<p><br>Verantwortlicher i.S.d. \u00a7 55 Abs. 2 RStV:<br>Maximilian Schulz<br>Heesenstr. 70<br>D-40549 D\u00fcsseldorf<\/p>\n","protected":false},"excerpt":{"rendered":"<p>Sp Legal GmbH Heesenstra\u00dfe 70D-40549 D\u00fcsseldorf Gesch\u00e4ftsf\u00fchrung: Maximilian Schulz, Martina OttoT +49 (0)211 86322481E-Mail: info@sp-legal.de Registergericht: Amtsgericht D\u00fcsseldorfRegisternummer: HRB 51390USt.-Id.-Nr.: 147\/5815\/0956 Hinweis gem\u00e4\u00df \u00a7 36 VSBG:Die Sp Legal GmbH ist nicht bereit und nicht verpflichtet, an Streitbeilegungsverfahren vor einer Verbraucherschlichtungsstelle teilzunehmen. Verantwortlicher i.S.d. \u00a7 55 Abs. 2 RStV:Maximilian SchulzHeesenstr. 70D-40549 D\u00fcsseldorf<\/p>\n","protected":false},"author":1,"featured_media":0,"parent":0,"menu_order":0,"comment_status":"closed","ping_status":"closed","template":"","meta":{"_kad_post_transparent":"","_kad_post_title":"","_kad_post_layout":"","_kad_post_sidebar_id":"","_kad_post_content_style":"","_kad_post_vertical_padding":"","_kad_post_feature":"","_kad_post_feature_position":"","_kad_post_header":false,"_kad_post_footer":false,"footnotes":""},"class_list":["post-367","page","type-page","status-publish","hentry"],"_links":{"self":[{"href":"https:\/\/paladinlegal.de\/index.php?rest_route=\/wp\/v2\/pages\/367","targetHints":{"allow":["GET"]}}],"collection":[{"href":"https:\/\/paladinlegal.de\/index.php?rest_route=\/wp\/v2\/pages"}],"about":[{"href":"https:\/\/paladinlegal.de\/index.php?rest_route=\/wp\/v2\/types\/page"}],"author":[{"embeddable":true,"href":"https:\/\/paladinlegal.de\/index.php?rest_route=\/wp\/v2\/users\/1"}],"replies":[{"embeddable":true,"href":"https:\/\/paladinlegal.de\/index.php?rest_route=%2Fwp%2Fv2%2Fcomments&post=367"}],"version-history":[{"count":2,"href":"https:\/\/paladinlegal.de\/index.php?rest_route=\/wp\/v2\/pages\/367\/revisions"}],"predecessor-version":[{"id":373,"href":"https:\/\/paladinlegal.de\/index.php?rest_route=\/wp\/v2\/pages\/367\/revisions\/373"}],"wp:attachment":[{"href":"https:\/\/paladinlegal.de\/index.php?rest_route=%2Fwp%2Fv2%2Fmedia&parent=367"}],"curies":[{"name":"wp","href":"https:\/\/api.w.org\/{rel}","templated":true}]}}