{"id":53,"date":"2022-10-14T13:27:42","date_gmt":"2022-10-14T13:27:42","guid":{"rendered":"https:\/\/paladinlegal.de\/?page_id=53"},"modified":"2023-11-16T11:37:40","modified_gmt":"2023-11-16T11:37:40","slug":"datenschutz","status":"publish","type":"page","link":"https:\/\/paladinlegal.de\/?page_id=53","title":{"rendered":"Datenschutzerkl\u00e4rung\ufffc"},"content":{"rendered":"\t\t<div data-elementor-type=\"wp-page\" data-elementor-id=\"53\" class=\"elementor elementor-53\">\n\t\t\t\t\t\t\t\t\t<section class=\"elementor-section elementor-top-section elementor-element elementor-element-c4a29da elementor-section-boxed elementor-section-height-default elementor-section-height-default\" data-id=\"c4a29da\" data-element_type=\"section\">\n\t\t\t\t\t\t<div class=\"elementor-container elementor-column-gap-default\">\n\t\t\t\t\t<div class=\"elementor-column elementor-col-100 elementor-top-column elementor-element elementor-element-dbfb3a1\" data-id=\"dbfb3a1\" data-element_type=\"column\">\n\t\t\t<div class=\"elementor-widget-wrap elementor-element-populated\">\n\t\t\t\t\t\t\t\t<div class=\"elementor-element elementor-element-7fa5358 elementor-widget elementor-widget-text-editor\" data-id=\"7fa5358\" data-element_type=\"widget\" data-widget_type=\"text-editor.default\">\n\t\t\t\t<div class=\"elementor-widget-container\">\n\t\t\t\t\t\t\t<p>Name und Anschrift des Verantwortlichen<\/p><p>Der Verantwortliche im Sinne der Datenschutz-Grundverordnung und anderer nationaler Datenschutzgesetze der Mitgliedsstaaten sowie sonstiger datenschutzrechtlicher Bestimmungen ist die:<\/p><p>Rechtsanw\u00e4lte Schumacher &amp; Partner PartG mbB<br \/>oder PALADINLEGAL powered by:<\/p><p>\u00a0SP Legal<\/p><p>Heesenstra\u00dfe 70<\/p><p>D-40549 D\u00fcsseldorf<\/p><p>E-Mail:\u00a0<a href=\"mailto:info@schumacherundpartner.de\">info@schumacherundpartner.de<\/a><br \/>Telefon: +49 (0)211 \/ 86 32 24 0<br \/>Fax: +49 (0)211 \/ 86 32 24 99<br \/>Website:\u00a0<a href=\"https:\/\/schumacherundpartner.de\/\">www.schumacherundpartner.de<\/a><\/p><p>\u00a0<\/p><ol><li>Name und Anschrift des Datenschutzbeauftragten<\/li><\/ol><p>Die betriebliche Datenschutzbeauftragte von Schumacher &amp; Partner PartG mbB ist unter der folgenden Anschrift<\/p><p>Maubach Goebel Steuerberater PartG<br \/>Frau Claudia Goebel<br \/>Nettelbeckstra\u00dfe1<br \/>D-40477 D\u00fcsseldorf<br \/>Telefon: +49 (0)211 \/ 6877360<br \/>E-Mail:\u00a0<a href=\"mailto:datenschutz@schumacherundpartner.de\">datenschutz@schumacherundpartner.de<\/a><\/p><p>erreichbar.<\/p><p>\u00a0<\/p><p>III. Erhebung und Speicherung personenbezogener Daten sowie Art und Zweck von deren Verwendung<\/p><p>Beim Aufrufen unserer Website www.paladinlegal.de werden durch den auf Ihrem Endger\u00e4t zum Einsatz kommenden Browser automatisch Informationen an den Server unserer Website gesendet. Diese Informationen werden tempor\u00e4r in einem sog. Logfile gespeichert. Folgende Informationen werden dabei ohne Ihr Zutun erfasst und bis zur automatisierten L\u00f6schung gespeichert:<\/p><p>\u00a0<\/p><ul><li>IP-Adresse des anfragenden Rechners,<\/li><li>Datum und Uhrzeit des Zugriffs,<\/li><li>Name und URL der abgerufenen Datei,<\/li><li>Website, von der aus der Zugriff erfolgt (Referrer-URL),<\/li><li>verwendeter Browser und ggf. das Betriebssystem Ihres Rechners sowie der Name Ihres Access-Providers.<\/li><\/ul><p>Die genannten Daten werden durch uns zu folgenden Zwecken verarbeitet:<\/p><ul><li>Gew\u00e4hrleistung eines reibungslosen Verbindungsaufbaus der Website,<\/li><li>Gew\u00e4hrleistung einer komfortablen Nutzung unserer Website,<\/li><li>Auswertung der Systemsicherheit und -stabilit\u00e4t sowie<\/li><li>zu weiteren administrativen Zwecken.<\/li><\/ul><p>Die Rechtsgrundlage f\u00fcr die Datenverarbeitung ist Art. 6 Abs. 1 S. 1 lit. f DS-GVO. Unser berechtigtes Interesse folgt aus oben aufgelisteten Zwecken zur Datenerhebung. In keinem Fall verwenden wir die erhobenen Daten zu dem Zweck, R\u00fcckschl\u00fcsse auf Ihre Person zu ziehen. Dar\u00fcber hinaus setzen wir beim Besuch unserer Website Cookies sowie Analysedienste ein. N\u00e4here Erl\u00e4uterungen dazu erhalten Sie unter den Ziff. 4 und 5 dieser Datenschutzerkl\u00e4rung. Die Daten werden gel\u00f6scht, sobald sie f\u00fcr die Erreichung des Zwecks ihrer Erhebung nicht mehr erforderlich sind. Im Fall der Erfassung der Daten zur Bereitstellung der Website ist dies der Fall, wenn die jeweilige Sitzung beendet ist.<\/p><ol><li>Rechte der betroffenen Person<\/li><\/ol><p>Sie haben folgende Rechte hinsichtlich der Sie betreffenden personenbezogenen Daten:<\/p><ul><li>Recht auf Auskunft,<\/li><li>Recht auf Berichtigung<\/li><li>Recht auf L\u00f6schung,<\/li><li>Recht auf Einschr\u00e4nkung der Verarbeitung,<\/li><li>Recht auf Widerspruch gegen die Verarbeitung,<\/li><li>Recht auf Daten\u00fcbertragbarkeit<\/li><li>Recht auf Widerruf einer erteilten Einwilligung zur Verarbeitung personenbezogener Daten<\/li><\/ul><p>Sie haben zudem das Recht, sich bei widerrechtlicher Verwendung der Daten bei der zust\u00e4ndigen Aufsichtsbeh\u00f6rde zu beschweren. Dies ist:<\/p><p>Landesbeauftragte f\u00fcr Datenschutz und Informationsfreiheit<br \/>Nordrhein-Westfalen<br \/>Postfach 20 04 44<br \/>40102 D\u00fcsseldorf<br \/>Tel.: +49 (0)211 \/ 38424-0<br \/>Fax: +49 (0)211 \/ 38424-10<br \/>E-Mail: <a href=\"mailto:poststelle@ldi.nrw.de\">poststelle@ldi.nrw.de<\/a><\/p><ol><li>\u00c4nderung dieser Datenschutzerkl\u00e4rung<\/li><\/ol><p>Durch die Weiterentwicklung unserer Website und Angebote dar\u00fcber oder aufgrund ge\u00e4nderter gesetzlicher beziehungsweise beh\u00f6rdlicher Vorgaben kann es notwendig werden, diese Datenschutzerkl\u00e4rung zu \u00e4ndern. Die jeweils aktuelle Datenschutzerkl\u00e4rung kann jederzeit auf der Website unter\u00a0<a href=\"https:\/\/paladinlegal.de\/datenschutz\">https:\/\/paladinlegal.de\/datenschutz<\/a>\u00a0von Ihnen abgerufen und ausgedruckt werden.<\/p><p>\u00a0<\/p><p>\u00a0<\/p>\t\t\t\t\t\t<\/div>\n\t\t\t\t<\/div>\n\t\t\t\t\t<\/div>\n\t\t<\/div>\n\t\t\t\t\t\t\t<\/div>\n\t\t<\/section>\n\t\t\t\t\t\t\t<\/div>\n\t\t","protected":false},"excerpt":{"rendered":"<p>Name und Anschrift des Verantwortlichen Der Verantwortliche im Sinne der Datenschutz-Grundverordnung und anderer nationaler Datenschutzgesetze der Mitgliedsstaaten sowie sonstiger datenschutzrechtlicher Bestimmungen ist die: Rechtsanw\u00e4lte Schumacher &amp; Partner PartG mbBoder PALADINLEGAL powered by: \u00a0SP Legal Heesenstra\u00dfe 70 D-40549 D\u00fcsseldorf E-Mail:\u00a0info@schumacherundpartner.deTelefon: +49 (0)211 \/ 86 32 24 0Fax: +49 (0)211 \/ 86 32 24 99Website:\u00a0www.schumacherundpartner.de \u00a0 Name&#8230;<\/p>\n","protected":false},"author":1,"featured_media":0,"parent":0,"menu_order":0,"comment_status":"closed","ping_status":"closed","template":"","meta":{"_kad_post_transparent":"","_kad_post_title":"","_kad_post_layout":"","_kad_post_sidebar_id":"","_kad_post_content_style":"","_kad_post_vertical_padding":"","_kad_post_feature":"","_kad_post_feature_position":"","_kad_post_header":false,"_kad_post_footer":false,"footnotes":""},"class_list":["post-53","page","type-page","status-publish","hentry"],"_links":{"self":[{"href":"https:\/\/paladinlegal.de\/index.php?rest_route=\/wp\/v2\/pages\/53","targetHints":{"allow":["GET"]}}],"collection":[{"href":"https:\/\/paladinlegal.de\/index.php?rest_route=\/wp\/v2\/pages"}],"about":[{"href":"https:\/\/paladinlegal.de\/index.php?rest_route=\/wp\/v2\/types\/page"}],"author":[{"embeddable":true,"href":"https:\/\/paladinlegal.de\/index.php?rest_route=\/wp\/v2\/users\/1"}],"replies":[{"embeddable":true,"href":"https:\/\/paladinlegal.de\/index.php?rest_route=%2Fwp%2Fv2%2Fcomments&post=53"}],"version-history":[{"count":11,"href":"https:\/\/paladinlegal.de\/index.php?rest_route=\/wp\/v2\/pages\/53\/revisions"}],"predecessor-version":[{"id":356,"href":"https:\/\/paladinlegal.de\/index.php?rest_route=\/wp\/v2\/pages\/53\/revisions\/356"}],"wp:attachment":[{"href":"https:\/\/paladinlegal.de\/index.php?rest_route=%2Fwp%2Fv2%2Fmedia&parent=53"}],"curies":[{"name":"wp","href":"https:\/\/api.w.org\/{rel}","templated":true}]}}